{"id":271,"date":"2025-01-14T21:39:06","date_gmt":"2025-01-14T21:39:06","guid":{"rendered":"https:\/\/businesslegacyschool.com\/?page_id=271"},"modified":"2025-02-23T21:32:35","modified_gmt":"2025-02-23T21:32:35","slug":"terminos","status":"publish","type":"page","link":"https:\/\/businesslegacyschool.com\/?page_id=271","title":{"rendered":"Terminos y condiciones"},"content":{"rendered":"\t\t<div data-elementor-type=\"wp-page\" data-elementor-id=\"271\" class=\"elementor elementor-271\" data-elementor-post-type=\"page\">\n\t\t\t\t\t\t<section class=\"elementor-section elementor-top-section elementor-element elementor-element-55ea726c elementor-section-full_width elementor-section-height-default elementor-section-height-default\" data-id=\"55ea726c\" data-element_type=\"section\">\n\t\t\t\t\t\t<div class=\"elementor-container elementor-column-gap-no\">\n\t\t\t\t\t<div class=\"elementor-column elementor-col-100 elementor-top-column elementor-element elementor-element-27bd3e0a\" data-id=\"27bd3e0a\" data-element_type=\"column\">\n\t\t\t<div class=\"elementor-widget-wrap elementor-element-populated\">\n\t\t\t\t\t\t<section class=\"elementor-section elementor-inner-section elementor-element elementor-element-655be4d9 elementor-section-boxed elementor-section-height-default elementor-section-height-default\" data-id=\"655be4d9\" data-element_type=\"section\">\n\t\t\t\t\t\t<div class=\"elementor-container elementor-column-gap-no\">\n\t\t\t\t\t<div class=\"elementor-column elementor-col-100 elementor-inner-column elementor-element elementor-element-471bf1dd\" data-id=\"471bf1dd\" data-element_type=\"column\">\n\t\t\t<div class=\"elementor-widget-wrap elementor-element-populated\">\n\t\t\t\t\t\t<div class=\"elementor-element elementor-element-2b512b64 elementor-widget elementor-widget-heading\" data-id=\"2b512b64\" data-element_type=\"widget\" data-widget_type=\"heading.default\">\n\t\t\t\t<div class=\"elementor-widget-container\">\n\t\t\t\t\t<h2 class=\"elementor-heading-title elementor-size-default\">T\u00e9rminos de confidencialidad <\/h2>\t\t\t\t<\/div>\n\t\t\t\t<\/div>\n\t\t\t\t<div class=\"elementor-element elementor-element-58f52636 elementor-widget-divider--view-line elementor-widget elementor-widget-divider\" data-id=\"58f52636\" data-element_type=\"widget\" data-widget_type=\"divider.default\">\n\t\t\t\t<div class=\"elementor-widget-container\">\n\t\t\t\t\t\t\t<div class=\"elementor-divider\">\n\t\t\t<span class=\"elementor-divider-separator\">\n\t\t\t\t\t\t<\/span>\n\t\t<\/div>\n\t\t\t\t\t\t<\/div>\n\t\t\t\t<\/div>\n\t\t\t\t<div class=\"elementor-element elementor-element-466854dc elementor-widget elementor-widget-text-editor\" data-id=\"466854dc\" data-element_type=\"widget\" data-widget_type=\"text-editor.default\">\n\t\t\t\t<div class=\"elementor-widget-container\">\n\t\t\t\t\t\t\t\t\t<p>En Business Legacy School mantendr\u00e1n tus datos aislados de terceras empresas o personas que puedan hacer uso de esta informaci\u00f3n para otros fines. Se garantiza confidencialidad, privacidad y seguridad en la manipulaci\u00f3n y uso de cualquier informaci\u00f3n personal de los clientes inscritos en el sitio web.<\/p><p>Finalidad de Datos<\/p><p>Los datos requeridos en los formularios tienen por finalidad el identificar a los clientes, mantenerlos informados de los programas, y ofrecerles lo que mejor se adec\u00fae a su perfil profesional.<\/p>\t\t\t\t\t\t\t\t<\/div>\n\t\t\t\t<\/div>\n\t\t\t\t\t<\/div>\n\t\t<\/div>\n\t\t\t\t\t<\/div>\n\t\t<\/section>\n\t\t\t\t\t<\/div>\n\t\t<\/div>\n\t\t\t\t\t<\/div>\n\t\t<\/section>\n\t\t\t\t<\/div>\n\t\t","protected":false},"excerpt":{"rendered":"<p>T\u00e9rminos de confidencialidad En Business Legacy School mantendr\u00e1n tus datos aislados de terceras empresas o personas que puedan hacer uso de esta informaci\u00f3n para otros fines. Se garantiza confidencialidad, privacidad y seguridad en la manipulaci\u00f3n y uso de cualquier informaci\u00f3n personal de los clientes inscritos en el sitio web. Finalidad de Datos Los datos requeridos [&hellip;]<\/p>\n","protected":false},"author":1,"featured_media":276,"parent":0,"menu_order":0,"comment_status":"closed","ping_status":"closed","template":"elementor_header_footer","meta":{"footnotes":""},"class_list":["post-271","page","type-page","status-publish","has-post-thumbnail","hentry"],"_links":{"self":[{"href":"https:\/\/businesslegacyschool.com\/index.php?rest_route=\/wp\/v2\/pages\/271","targetHints":{"allow":["GET"]}}],"collection":[{"href":"https:\/\/businesslegacyschool.com\/index.php?rest_route=\/wp\/v2\/pages"}],"about":[{"href":"https:\/\/businesslegacyschool.com\/index.php?rest_route=\/wp\/v2\/types\/page"}],"author":[{"embeddable":true,"href":"https:\/\/businesslegacyschool.com\/index.php?rest_route=\/wp\/v2\/users\/1"}],"replies":[{"embeddable":true,"href":"https:\/\/businesslegacyschool.com\/index.php?rest_route=%2Fwp%2Fv2%2Fcomments&post=271"}],"version-history":[{"count":18,"href":"https:\/\/businesslegacyschool.com\/index.php?rest_route=\/wp\/v2\/pages\/271\/revisions"}],"predecessor-version":[{"id":1037,"href":"https:\/\/businesslegacyschool.com\/index.php?rest_route=\/wp\/v2\/pages\/271\/revisions\/1037"}],"wp:featuredmedia":[{"embeddable":true,"href":"https:\/\/businesslegacyschool.com\/index.php?rest_route=\/wp\/v2\/media\/276"}],"wp:attachment":[{"href":"https:\/\/businesslegacyschool.com\/index.php?rest_route=%2Fwp%2Fv2%2Fmedia&parent=271"}],"curies":[{"name":"wp","href":"https:\/\/api.w.org\/{rel}","templated":true}]}}